{"id":6103,"date":"2018-09-17T10:46:27","date_gmt":"2018-09-17T10:46:27","guid":{"rendered":"http:\/\/balticloghouses.ee\/tooted\/kumblustunnid\/"},"modified":"2025-02-25T10:53:11","modified_gmt":"2025-02-25T10:53:11","slug":"handcrafted-hot-tubs","status":"publish","type":"page","link":"https:\/\/balticloghouses.ee\/en\/products\/handcrafted-hot-tubs\/","title":{"rendered":"Handcrafted hot tubs"},"content":{"rendered":"\t\t<div data-elementor-type=\"wp-post\" data-elementor-id=\"6103\" class=\"elementor elementor-6103\" data-elementor-settings=\"[]\">\n\t\t\t\t\t\t<div class=\"elementor-inner\">\n\t\t\t\t\t\t\t<div class=\"elementor-section-wrap\">\n\t\t\t\t\t\t\t<section class=\"elementor-section elementor-top-section elementor-element elementor-element-4dc5892 elementor-section-stretched elementor-section-full_width elementor-section-height-min-height elementor-section-height-default elementor-section-items-middle\" data-id=\"4dc5892\" data-element_type=\"section\" data-settings=\"{&quot;stretch_section&quot;:&quot;section-stretched&quot;,&quot;background_background&quot;:&quot;classic&quot;}\">\n\t\t\t\t\t\t\t<div class=\"elementor-background-overlay\"><\/div>\n\t\t\t\t\t\t\t<div class=\"elementor-container elementor-column-gap-no\">\n\t\t\t\t\t\t\t<div class=\"elementor-row\">\n\t\t\t\t\t<div class=\"elementor-column elementor-col-100 elementor-top-column elementor-element elementor-element-8806ec2\" data-id=\"8806ec2\" data-element_type=\"column\">\n\t\t\t<div class=\"elementor-column-wrap elementor-element-populated\">\n\t\t\t\t\t\t\t<div class=\"elementor-widget-wrap\">\n\t\t\t\t\t\t<div class=\"elementor-element elementor-element-6c9cc15 elementor-vertical-align-middle elementor-view-default elementor-position-top elementor-widget elementor-widget-icon-box\" data-id=\"6c9cc15\" data-element_type=\"widget\" data-widget_type=\"icon-box.default\">\n\t\t\t\t<div class=\"elementor-widget-container\">\n\t\t\t\t\t<div class=\"elementor-icon-box-wrapper\">\n\t\t\t\t\t\t<div class=\"elementor-icon-box-icon\">\n\t\t\t\t<a class=\"elementor-icon elementor-animation-\" href=\"https:\/\/balticloghouses.ee\/en\/products\/\">\n\t\t\t\t<i aria-hidden=\"true\" class=\"fas fa-arrow-alt-circle-left\"><\/i>\t\t\t\t<\/a>\n\t\t\t<\/div>\n\t\t\t\t\t\t<div class=\"elementor-icon-box-content\">\n\t\t\t\t<h3 class=\"elementor-icon-box-title\">\n\t\t\t\t\t<a href=\"https:\/\/balticloghouses.ee\/en\/products\/\" >\n\t\t\t\t\t\tProducts\t\t\t\t\t<\/a>\n\t\t\t\t<\/h3>\n\t\t\t\t\t\t\t<\/div>\n\t\t<\/div>\n\t\t\t\t<\/div>\n\t\t\t\t<\/div>\n\t\t\t\t<div class=\"elementor-element elementor-element-ead6ca1 elementor-widget elementor-widget-heading\" data-id=\"ead6ca1\" data-element_type=\"widget\" data-widget_type=\"heading.default\">\n\t\t\t\t<div class=\"elementor-widget-container\">\n\t\t\t<h1 class=\"elementor-heading-title elementor-size-default\">HOT TUBS<\/h1>\t\t<\/div>\n\t\t\t\t<\/div>\n\t\t\t\t\t\t<\/div>\n\t\t\t\t\t<\/div>\n\t\t<\/div>\n\t\t\t\t\t\t\t\t<\/div>\n\t\t\t\t\t<\/div>\n\t\t<\/section>\n\t\t\t\t<section class=\"elementor-section elementor-top-section elementor-element elementor-element-60c421a elementor-section-boxed elementor-section-height-default elementor-section-height-default\" data-id=\"60c421a\" data-element_type=\"section\" data-settings=\"{&quot;background_background&quot;:&quot;classic&quot;}\">\n\t\t\t\t\t\t<div class=\"elementor-container elementor-column-gap-extended\">\n\t\t\t\t\t\t\t<div class=\"elementor-row\">\n\t\t\t\t\t<div class=\"elementor-column elementor-col-100 elementor-top-column elementor-element elementor-element-ffb96f0\" data-id=\"ffb96f0\" data-element_type=\"column\">\n\t\t\t<div class=\"elementor-column-wrap elementor-element-populated\">\n\t\t\t\t\t\t\t<div class=\"elementor-widget-wrap\">\n\t\t\t\t\t\t<section class=\"elementor-section elementor-inner-section elementor-element elementor-element-1040391 elementor-section-boxed elementor-section-height-default elementor-section-height-default\" data-id=\"1040391\" data-element_type=\"section\">\n\t\t\t\t\t\t<div class=\"elementor-container elementor-column-gap-default\">\n\t\t\t\t\t\t\t<div class=\"elementor-row\">\n\t\t\t\t\t<div class=\"elementor-column elementor-col-20 elementor-inner-column elementor-element elementor-element-4db4774\" data-id=\"4db4774\" data-element_type=\"column\" data-settings=\"{&quot;background_background&quot;:&quot;classic&quot;}\">\n\t\t\t<div class=\"elementor-column-wrap elementor-element-populated\">\n\t\t\t\t\t\t\t<div class=\"elementor-widget-wrap\">\n\t\t\t\t\t\t<div class=\"elementor-element elementor-element-4db36c2 elementor-widget elementor-widget-image\" data-id=\"4db36c2\" data-element_type=\"widget\" data-widget_type=\"image.default\">\n\t\t\t\t<div class=\"elementor-widget-container\">\n\t\t\t\t\t\t\t\t<div class=\"elementor-image\">\n\t\t\t\t\t\t\t\t\t\t\t\t\t<a href=\"https:\/\/balticloghouses.ee\/en\/hot-tub-with-external-stove-and-glass-fiber-content\/\">\n\t\t\t\t\t\t\t<img loading=\"lazy\" decoding=\"async\" width=\"815\" height=\"424\" src=\"https:\/\/balticloghouses.ee\/wp-content\/uploads\/2023\/05\/1-3.png\" class=\"attachment-large size-large\" alt=\"\" srcset=\"https:\/\/balticloghouses.ee\/wp-content\/uploads\/2023\/05\/1-3.png 815w, https:\/\/balticloghouses.ee\/wp-content\/uploads\/2023\/05\/1-3-300x156.png 300w, https:\/\/balticloghouses.ee\/wp-content\/uploads\/2023\/05\/1-3-768x400.png 768w\" sizes=\"(max-width: 815px) 100vw, 815px\" \/>\t\t\t\t\t\t\t\t<\/a>\n\t\t\t\t\t\t\t\t\t\t\t\t\t\t<\/div>\n\t\t\t\t\t\t<\/div>\n\t\t\t\t<\/div>\n\t\t\t\t<div class=\"elementor-element elementor-element-f88031f elementor-widget elementor-widget-heading\" data-id=\"f88031f\" data-element_type=\"widget\" data-widget_type=\"heading.default\">\n\t\t\t\t<div class=\"elementor-widget-container\">\n\t\t\t<h2 class=\"elementor-heading-title elementor-size-default\"><a href=\"https:\/\/balticloghouses.ee\/en\/hot-tub-with-external-stove-and-glass-fiber-content\/\">Hot tub w\/ external<br> stove and glass fiber content<\/a><\/h2>\t\t<\/div>\n\t\t\t\t<\/div>\n\t\t\t\t\t\t<\/div>\n\t\t\t\t\t<\/div>\n\t\t<\/div>\n\t\t\t\t<div class=\"elementor-column elementor-col-20 elementor-inner-column elementor-element elementor-element-de297ad\" data-id=\"de297ad\" data-element_type=\"column\" data-settings=\"{&quot;background_background&quot;:&quot;classic&quot;}\">\n\t\t\t<div class=\"elementor-column-wrap elementor-element-populated\">\n\t\t\t\t\t\t\t<div class=\"elementor-widget-wrap\">\n\t\t\t\t\t\t<div class=\"elementor-element elementor-element-b8a8713 elementor-widget elementor-widget-image\" data-id=\"b8a8713\" data-element_type=\"widget\" data-widget_type=\"image.default\">\n\t\t\t\t<div class=\"elementor-widget-container\">\n\t\t\t\t\t\t\t\t<div class=\"elementor-image\">\n\t\t\t\t\t\t\t\t\t\t\t\t\t<a href=\"https:\/\/balticloghouses.ee\/en\/hot-tub-with-external-stove\/\">\n\t\t\t\t\t\t\t<img loading=\"lazy\" decoding=\"async\" width=\"815\" height=\"424\" src=\"https:\/\/balticloghouses.ee\/wp-content\/uploads\/2023\/05\/2-3.png\" class=\"attachment-large size-large\" alt=\"\" srcset=\"https:\/\/balticloghouses.ee\/wp-content\/uploads\/2023\/05\/2-3.png 815w, https:\/\/balticloghouses.ee\/wp-content\/uploads\/2023\/05\/2-3-300x156.png 300w, https:\/\/balticloghouses.ee\/wp-content\/uploads\/2023\/05\/2-3-768x400.png 768w\" sizes=\"(max-width: 815px) 100vw, 815px\" \/>\t\t\t\t\t\t\t\t<\/a>\n\t\t\t\t\t\t\t\t\t\t\t\t\t\t<\/div>\n\t\t\t\t\t\t<\/div>\n\t\t\t\t<\/div>\n\t\t\t\t<div class=\"elementor-element elementor-element-cb1b435 elementor-widget elementor-widget-heading\" data-id=\"cb1b435\" data-element_type=\"widget\" data-widget_type=\"heading.default\">\n\t\t\t\t<div class=\"elementor-widget-container\">\n\t\t\t<h2 class=\"elementor-heading-title elementor-size-default\"><a href=\"https:\/\/balticloghouses.ee\/en\/hot-tub-with-external-stove\/\">hot tub w\/<br> external stove<\/a><\/h2>\t\t<\/div>\n\t\t\t\t<\/div>\n\t\t\t\t\t\t<\/div>\n\t\t\t\t\t<\/div>\n\t\t<\/div>\n\t\t\t\t<div class=\"elementor-column elementor-col-20 elementor-inner-column elementor-element elementor-element-5d59925\" data-id=\"5d59925\" data-element_type=\"column\" data-settings=\"{&quot;background_background&quot;:&quot;classic&quot;}\">\n\t\t\t<div class=\"elementor-column-wrap elementor-element-populated\">\n\t\t\t\t\t\t\t<div class=\"elementor-widget-wrap\">\n\t\t\t\t\t\t<div class=\"elementor-element elementor-element-b3bfc64 elementor-widget elementor-widget-image\" data-id=\"b3bfc64\" data-element_type=\"widget\" data-widget_type=\"image.default\">\n\t\t\t\t<div class=\"elementor-widget-container\">\n\t\t\t\t\t\t\t\t<div class=\"elementor-image\">\n\t\t\t\t\t\t\t\t\t\t\t\t\t<a href=\"https:\/\/balticloghouses.ee\/en\/hot-tub-with-internal-stove\/\">\n\t\t\t\t\t\t\t<img loading=\"lazy\" decoding=\"async\" width=\"815\" height=\"424\" src=\"https:\/\/balticloghouses.ee\/wp-content\/uploads\/2023\/05\/3-3.png\" class=\"attachment-large size-large\" alt=\"\" srcset=\"https:\/\/balticloghouses.ee\/wp-content\/uploads\/2023\/05\/3-3.png 815w, https:\/\/balticloghouses.ee\/wp-content\/uploads\/2023\/05\/3-3-300x156.png 300w, https:\/\/balticloghouses.ee\/wp-content\/uploads\/2023\/05\/3-3-768x400.png 768w\" sizes=\"(max-width: 815px) 100vw, 815px\" \/>\t\t\t\t\t\t\t\t<\/a>\n\t\t\t\t\t\t\t\t\t\t\t\t\t\t<\/div>\n\t\t\t\t\t\t<\/div>\n\t\t\t\t<\/div>\n\t\t\t\t<div class=\"elementor-element elementor-element-c1dacc5 elementor-widget elementor-widget-heading\" data-id=\"c1dacc5\" data-element_type=\"widget\" data-widget_type=\"heading.default\">\n\t\t\t\t<div class=\"elementor-widget-container\">\n\t\t\t<h2 class=\"elementor-heading-title elementor-size-default\"><a href=\"https:\/\/balticloghouses.ee\/en\/hot-tub-with-internal-stove\/\">Hot tub w\/<br> internal stove<\/a><\/h2>\t\t<\/div>\n\t\t\t\t<\/div>\n\t\t\t\t\t\t<\/div>\n\t\t\t\t\t<\/div>\n\t\t<\/div>\n\t\t\t\t<div class=\"elementor-column elementor-col-20 elementor-inner-column elementor-element elementor-element-67eb5c2\" data-id=\"67eb5c2\" data-element_type=\"column\" data-settings=\"{&quot;background_background&quot;:&quot;classic&quot;}\">\n\t\t\t<div class=\"elementor-column-wrap elementor-element-populated\">\n\t\t\t\t\t\t\t<div class=\"elementor-widget-wrap\">\n\t\t\t\t\t\t<div class=\"elementor-element elementor-element-449ef5c elementor-widget elementor-widget-image\" data-id=\"449ef5c\" data-element_type=\"widget\" data-widget_type=\"image.default\">\n\t\t\t\t<div class=\"elementor-widget-container\">\n\t\t\t\t\t\t\t\t<div class=\"elementor-image\">\n\t\t\t\t\t\t\t\t\t\t\t\t\t<a href=\"https:\/\/balticloghouses.ee\/en\/oval-hot-tub-with-internal-stove\/\">\n\t\t\t\t\t\t\t<img loading=\"lazy\" decoding=\"async\" width=\"815\" height=\"424\" src=\"https:\/\/balticloghouses.ee\/wp-content\/uploads\/2023\/05\/4-3.png\" class=\"attachment-large size-large\" alt=\"\" srcset=\"https:\/\/balticloghouses.ee\/wp-content\/uploads\/2023\/05\/4-3.png 815w, https:\/\/balticloghouses.ee\/wp-content\/uploads\/2023\/05\/4-3-300x156.png 300w, https:\/\/balticloghouses.ee\/wp-content\/uploads\/2023\/05\/4-3-768x400.png 768w\" sizes=\"(max-width: 815px) 100vw, 815px\" \/>\t\t\t\t\t\t\t\t<\/a>\n\t\t\t\t\t\t\t\t\t\t\t\t\t\t<\/div>\n\t\t\t\t\t\t<\/div>\n\t\t\t\t<\/div>\n\t\t\t\t<div class=\"elementor-element elementor-element-2c712e1 elementor-widget elementor-widget-heading\" data-id=\"2c712e1\" data-element_type=\"widget\" data-widget_type=\"heading.default\">\n\t\t\t\t<div class=\"elementor-widget-container\">\n\t\t\t<h2 class=\"elementor-heading-title elementor-size-default\"><a href=\"https:\/\/balticloghouses.ee\/en\/oval-hot-tub-with-internal-stove\/\">Oval hot tub w\/ internal stove<\/a><\/h2>\t\t<\/div>\n\t\t\t\t<\/div>\n\t\t\t\t\t\t<\/div>\n\t\t\t\t\t<\/div>\n\t\t<\/div>\n\t\t\t\t<div class=\"elementor-column elementor-col-20 elementor-inner-column elementor-element elementor-element-d802036\" data-id=\"d802036\" data-element_type=\"column\" data-settings=\"{&quot;background_background&quot;:&quot;classic&quot;}\">\n\t\t\t<div class=\"elementor-column-wrap\">\n\t\t\t\t\t\t\t<div class=\"elementor-widget-wrap\">\n\t\t\t\t\t\t\t\t<\/div>\n\t\t\t\t\t<\/div>\n\t\t<\/div>\n\t\t\t\t\t\t\t\t<\/div>\n\t\t\t\t\t<\/div>\n\t\t<\/section>\n\t\t\t\t\t\t<\/div>\n\t\t\t\t\t<\/div>\n\t\t<\/div>\n\t\t\t\t\t\t\t\t<\/div>\n\t\t\t\t\t<\/div>\n\t\t<\/section>\n\t\t\t\t\t\t<\/div>\n\t\t\t\t\t\t<\/div>\n\t\t\t\t\t<\/div>\n\t\t","protected":false},"excerpt":{"rendered":"<p>\u00a0 Products HOT TUBS Hot tub w\/ external stove and glass fiber content hot tub w\/ external stove Hot tub w\/ internal stove Oval hot tub w\/ internal stove<\/p>\n","protected":false},"author":6,"featured_media":5864,"parent":6054,"menu_order":0,"comment_status":"closed","ping_status":"closed","template":"","meta":{"ocean_post_layout":"","ocean_both_sidebars_style":"","ocean_both_sidebars_content_width":0,"ocean_both_sidebars_sidebars_width":0,"ocean_sidebar":"0","ocean_second_sidebar":"0","ocean_disable_margins":"on","ocean_add_body_class":"","ocean_shortcode_before_top_bar":"","ocean_shortcode_after_top_bar":"","ocean_shortcode_before_header":"","ocean_shortcode_after_header":"","ocean_has_shortcode":"","ocean_shortcode_after_title":"","ocean_shortcode_before_footer_widgets":"","ocean_shortcode_after_footer_widgets":"","ocean_shortcode_before_footer_bottom":"","ocean_shortcode_after_footer_bottom":"","ocean_display_top_bar":"default","ocean_display_header":"default","ocean_header_style":"","ocean_center_header_left_menu":"0","ocean_custom_header_template":"0","ocean_custom_logo":0,"ocean_custom_retina_logo":0,"ocean_custom_logo_max_width":0,"ocean_custom_logo_tablet_max_width":0,"ocean_custom_logo_mobile_max_width":0,"ocean_custom_logo_max_height":0,"ocean_custom_logo_tablet_max_height":0,"ocean_custom_logo_mobile_max_height":0,"ocean_header_custom_menu":"0","ocean_menu_typo_font_family":"0","ocean_menu_typo_font_subset":"","ocean_menu_typo_font_size":0,"ocean_menu_typo_font_size_tablet":0,"ocean_menu_typo_font_size_mobile":0,"ocean_menu_typo_font_size_unit":"px","ocean_menu_typo_font_weight":"","ocean_menu_typo_font_weight_tablet":"","ocean_menu_typo_font_weight_mobile":"","ocean_menu_typo_transform":"","ocean_menu_typo_transform_tablet":"","ocean_menu_typo_transform_mobile":"","ocean_menu_typo_line_height":0,"ocean_menu_typo_line_height_tablet":0,"ocean_menu_typo_line_height_mobile":0,"ocean_menu_typo_line_height_unit":"","ocean_menu_typo_spacing":0,"ocean_menu_typo_spacing_tablet":0,"ocean_menu_typo_spacing_mobile":0,"ocean_menu_typo_spacing_unit":"","ocean_menu_link_color":"","ocean_menu_link_color_hover":"","ocean_menu_link_color_active":"","ocean_menu_link_background":"","ocean_menu_link_hover_background":"","ocean_menu_link_active_background":"","ocean_menu_social_links_bg":"","ocean_menu_social_hover_links_bg":"","ocean_menu_social_links_color":"","ocean_menu_social_hover_links_color":"","ocean_disable_title":"default","ocean_disable_heading":"default","ocean_post_title":"","ocean_post_subheading":"","ocean_post_title_style":"","ocean_post_title_background_color":"","ocean_post_title_background":0,"ocean_post_title_bg_image_position":"","ocean_post_title_bg_image_attachment":"","ocean_post_title_bg_image_repeat":"","ocean_post_title_bg_image_size":"","ocean_post_title_height":0,"ocean_post_title_bg_overlay":0.5,"ocean_post_title_bg_overlay_color":"","ocean_disable_breadcrumbs":"default","ocean_breadcrumbs_color":"","ocean_breadcrumbs_separator_color":"","ocean_breadcrumbs_links_color":"","ocean_breadcrumbs_links_hover_color":"","ocean_display_footer_widgets":"default","ocean_display_footer_bottom":"default","ocean_custom_footer_template":"0","footnotes":""},"yoast_head":"<!-- This site is optimized with the Yoast SEO plugin v22.7 - https:\/\/yoast.com\/wordpress\/plugins\/seo\/ -->\n<title>Manufacturing and selling of handcrafted hot tubs | K\u00e4sit\u00f6\u00f6 palkmajad Eestist<\/title>\n<meta name=\"description\" content=\"Manufacturing and selling of handcrafted hot tubs.\" \/>\n<meta name=\"robots\" content=\"index, follow, max-snippet:-1, max-image-preview:large, max-video-preview:-1\" \/>\n<link rel=\"canonical\" href=\"https:\/\/balticloghouses.ee\/tooted\/kumblustunnid\/\" \/>\n<meta property=\"og:locale\" content=\"en_US\" \/>\n<meta property=\"og:type\" content=\"article\" \/>\n<meta property=\"og:title\" content=\"Manufacturing and selling of handcrafted hot tubs | K\u00e4sit\u00f6\u00f6 palkmajad Eestist\" \/>\n<meta property=\"og:description\" content=\"Manufacturing and selling of handcrafted hot tubs.\" \/>\n<meta property=\"og:url\" content=\"https:\/\/balticloghouses.ee\/tooted\/kumblustunnid\/\" \/>\n<meta property=\"og:site_name\" content=\"K\u00e4sit\u00f6\u00f6 palkmajad Eestist\" \/>\n<meta property=\"article:publisher\" content=\"https:\/\/www.facebook.com\/balticloghouses\/\" \/>\n<meta property=\"article:modified_time\" content=\"2025-02-25T10:53:11+00:00\" \/>\n<meta property=\"og:image\" content=\"https:\/\/balticloghouses.ee\/wp-content\/uploads\/2018\/09\/ku\u0308mblustu\u0308nn-baltic-loghouses-1200.jpg\" \/>\n\t<meta property=\"og:image:width\" content=\"715\" \/>\n\t<meta property=\"og:image:height\" content=\"598\" \/>\n\t<meta property=\"og:image:type\" content=\"image\/jpeg\" \/>\n<meta name=\"twitter:card\" content=\"summary_large_image\" \/>\n<meta name=\"twitter:site\" content=\"@palkmajad\" \/>\n<script type=\"application\/ld+json\" class=\"yoast-schema-graph\">{\"@context\":\"https:\/\/schema.org\",\"@graph\":[{\"@type\":\"WebPage\",\"@id\":\"https:\/\/balticloghouses.ee\/tooted\/kumblustunnid\/\",\"url\":\"https:\/\/balticloghouses.ee\/tooted\/kumblustunnid\/\",\"name\":\"Manufacturing and selling of handcrafted hot tubs | K\u00e4sit\u00f6\u00f6 palkmajad Eestist\",\"isPartOf\":{\"@id\":\"https:\/\/balticloghouses.ee\/#website\"},\"primaryImageOfPage\":{\"@id\":\"https:\/\/balticloghouses.ee\/tooted\/kumblustunnid\/#primaryimage\"},\"image\":{\"@id\":\"https:\/\/balticloghouses.ee\/tooted\/kumblustunnid\/#primaryimage\"},\"thumbnailUrl\":\"https:\/\/balticloghouses.ee\/wp-content\/uploads\/2018\/09\/ku\u0308mblustu\u0308nn-baltic-loghouses-1200.jpg\",\"datePublished\":\"2018-09-17T10:46:27+00:00\",\"dateModified\":\"2025-02-25T10:53:11+00:00\",\"description\":\"Manufacturing and selling of handcrafted hot tubs.\",\"breadcrumb\":{\"@id\":\"https:\/\/balticloghouses.ee\/tooted\/kumblustunnid\/#breadcrumb\"},\"inLanguage\":\"en-US\",\"potentialAction\":[{\"@type\":\"ReadAction\",\"target\":[\"https:\/\/balticloghouses.ee\/tooted\/kumblustunnid\/\"]}]},{\"@type\":\"ImageObject\",\"inLanguage\":\"en-US\",\"@id\":\"https:\/\/balticloghouses.ee\/tooted\/kumblustunnid\/#primaryimage\",\"url\":\"https:\/\/balticloghouses.ee\/wp-content\/uploads\/2018\/09\/ku\u0308mblustu\u0308nn-baltic-loghouses-1200.jpg\",\"contentUrl\":\"https:\/\/balticloghouses.ee\/wp-content\/uploads\/2018\/09\/ku\u0308mblustu\u0308nn-baltic-loghouses-1200.jpg\",\"width\":715,\"height\":598,\"caption\":\"Manufacturing and sale of handicraft hot tubes\"},{\"@type\":\"BreadcrumbList\",\"@id\":\"https:\/\/balticloghouses.ee\/tooted\/kumblustunnid\/#breadcrumb\",\"itemListElement\":[{\"@type\":\"ListItem\",\"position\":1,\"name\":\"Home\",\"item\":\"https:\/\/balticloghouses.ee\/en\/\"},{\"@type\":\"ListItem\",\"position\":2,\"name\":\"Products\",\"item\":\"https:\/\/balticloghouses.ee\/tooted\/\"},{\"@type\":\"ListItem\",\"position\":3,\"name\":\"Handcrafted hot tubs\"}]},{\"@type\":\"WebSite\",\"@id\":\"https:\/\/balticloghouses.ee\/#website\",\"url\":\"https:\/\/balticloghouses.ee\/\",\"name\":\"K\u00e4sit\u00f6\u00f6 palkmajad Eestist\",\"description\":\"K\u00e4sit\u00f6\u00f6 palkmajad, t\u00fcnnisaunad ja k\u00fcmblust\u00fcnnid\",\"publisher\":{\"@id\":\"https:\/\/balticloghouses.ee\/#organization\"},\"potentialAction\":[{\"@type\":\"SearchAction\",\"target\":{\"@type\":\"EntryPoint\",\"urlTemplate\":\"https:\/\/balticloghouses.ee\/?s={search_term_string}\"},\"query-input\":\"required name=search_term_string\"}],\"inLanguage\":\"en-US\"},{\"@type\":\"Organization\",\"@id\":\"https:\/\/balticloghouses.ee\/#organization\",\"name\":\"Baltic Loghouses\",\"url\":\"https:\/\/balticloghouses.ee\/\",\"logo\":{\"@type\":\"ImageObject\",\"inLanguage\":\"en-US\",\"@id\":\"https:\/\/balticloghouses.ee\/#\/schema\/logo\/image\/\",\"url\":\"https:\/\/balticloghouses.ee\/wp-content\/uploads\/2018\/09\/logo-273.png\",\"contentUrl\":\"https:\/\/balticloghouses.ee\/wp-content\/uploads\/2018\/09\/logo-273.png\",\"width\":273,\"height\":30,\"caption\":\"Baltic Loghouses\"},\"image\":{\"@id\":\"https:\/\/balticloghouses.ee\/#\/schema\/logo\/image\/\"},\"sameAs\":[\"https:\/\/www.facebook.com\/balticloghouses\/\",\"https:\/\/x.com\/palkmajad\",\"https:\/\/www.instagram.com\/palkmajad\/\",\"https:\/\/www.pinterest.com\/palkamaja\/\"]}]}<\/script>\n<!-- \/ Yoast SEO plugin. -->","yoast_head_json":{"title":"Manufacturing and selling of handcrafted hot tubs | K\u00e4sit\u00f6\u00f6 palkmajad Eestist","description":"Manufacturing and selling of handcrafted hot tubs.","robots":{"index":"index","follow":"follow","max-snippet":"max-snippet:-1","max-image-preview":"max-image-preview:large","max-video-preview":"max-video-preview:-1"},"canonical":"https:\/\/balticloghouses.ee\/tooted\/kumblustunnid\/","og_locale":"en_US","og_type":"article","og_title":"Manufacturing and selling of handcrafted hot tubs | K\u00e4sit\u00f6\u00f6 palkmajad Eestist","og_description":"Manufacturing and selling of handcrafted hot tubs.","og_url":"https:\/\/balticloghouses.ee\/tooted\/kumblustunnid\/","og_site_name":"K\u00e4sit\u00f6\u00f6 palkmajad Eestist","article_publisher":"https:\/\/www.facebook.com\/balticloghouses\/","article_modified_time":"2025-02-25T10:53:11+00:00","og_image":[{"width":715,"height":598,"url":"https:\/\/balticloghouses.ee\/wp-content\/uploads\/2018\/09\/ku\u0308mblustu\u0308nn-baltic-loghouses-1200.jpg","type":"image\/jpeg"}],"twitter_card":"summary_large_image","twitter_site":"@palkmajad","schema":{"@context":"https:\/\/schema.org","@graph":[{"@type":"WebPage","@id":"https:\/\/balticloghouses.ee\/tooted\/kumblustunnid\/","url":"https:\/\/balticloghouses.ee\/tooted\/kumblustunnid\/","name":"Manufacturing and selling of handcrafted hot tubs | K\u00e4sit\u00f6\u00f6 palkmajad Eestist","isPartOf":{"@id":"https:\/\/balticloghouses.ee\/#website"},"primaryImageOfPage":{"@id":"https:\/\/balticloghouses.ee\/tooted\/kumblustunnid\/#primaryimage"},"image":{"@id":"https:\/\/balticloghouses.ee\/tooted\/kumblustunnid\/#primaryimage"},"thumbnailUrl":"https:\/\/balticloghouses.ee\/wp-content\/uploads\/2018\/09\/ku\u0308mblustu\u0308nn-baltic-loghouses-1200.jpg","datePublished":"2018-09-17T10:46:27+00:00","dateModified":"2025-02-25T10:53:11+00:00","description":"Manufacturing and selling of handcrafted hot tubs.","breadcrumb":{"@id":"https:\/\/balticloghouses.ee\/tooted\/kumblustunnid\/#breadcrumb"},"inLanguage":"en-US","potentialAction":[{"@type":"ReadAction","target":["https:\/\/balticloghouses.ee\/tooted\/kumblustunnid\/"]}]},{"@type":"ImageObject","inLanguage":"en-US","@id":"https:\/\/balticloghouses.ee\/tooted\/kumblustunnid\/#primaryimage","url":"https:\/\/balticloghouses.ee\/wp-content\/uploads\/2018\/09\/ku\u0308mblustu\u0308nn-baltic-loghouses-1200.jpg","contentUrl":"https:\/\/balticloghouses.ee\/wp-content\/uploads\/2018\/09\/ku\u0308mblustu\u0308nn-baltic-loghouses-1200.jpg","width":715,"height":598,"caption":"Manufacturing and sale of handicraft hot tubes"},{"@type":"BreadcrumbList","@id":"https:\/\/balticloghouses.ee\/tooted\/kumblustunnid\/#breadcrumb","itemListElement":[{"@type":"ListItem","position":1,"name":"Home","item":"https:\/\/balticloghouses.ee\/en\/"},{"@type":"ListItem","position":2,"name":"Products","item":"https:\/\/balticloghouses.ee\/tooted\/"},{"@type":"ListItem","position":3,"name":"Handcrafted hot tubs"}]},{"@type":"WebSite","@id":"https:\/\/balticloghouses.ee\/#website","url":"https:\/\/balticloghouses.ee\/","name":"K\u00e4sit\u00f6\u00f6 palkmajad Eestist","description":"K\u00e4sit\u00f6\u00f6 palkmajad, t\u00fcnnisaunad ja k\u00fcmblust\u00fcnnid","publisher":{"@id":"https:\/\/balticloghouses.ee\/#organization"},"potentialAction":[{"@type":"SearchAction","target":{"@type":"EntryPoint","urlTemplate":"https:\/\/balticloghouses.ee\/?s={search_term_string}"},"query-input":"required name=search_term_string"}],"inLanguage":"en-US"},{"@type":"Organization","@id":"https:\/\/balticloghouses.ee\/#organization","name":"Baltic Loghouses","url":"https:\/\/balticloghouses.ee\/","logo":{"@type":"ImageObject","inLanguage":"en-US","@id":"https:\/\/balticloghouses.ee\/#\/schema\/logo\/image\/","url":"https:\/\/balticloghouses.ee\/wp-content\/uploads\/2018\/09\/logo-273.png","contentUrl":"https:\/\/balticloghouses.ee\/wp-content\/uploads\/2018\/09\/logo-273.png","width":273,"height":30,"caption":"Baltic Loghouses"},"image":{"@id":"https:\/\/balticloghouses.ee\/#\/schema\/logo\/image\/"},"sameAs":["https:\/\/www.facebook.com\/balticloghouses\/","https:\/\/x.com\/palkmajad","https:\/\/www.instagram.com\/palkmajad\/","https:\/\/www.pinterest.com\/palkamaja\/"]}]}},"_links":{"self":[{"href":"https:\/\/balticloghouses.ee\/en\/wp-json\/wp\/v2\/pages\/6103"}],"collection":[{"href":"https:\/\/balticloghouses.ee\/en\/wp-json\/wp\/v2\/pages"}],"about":[{"href":"https:\/\/balticloghouses.ee\/en\/wp-json\/wp\/v2\/types\/page"}],"author":[{"embeddable":true,"href":"https:\/\/balticloghouses.ee\/en\/wp-json\/wp\/v2\/users\/6"}],"replies":[{"embeddable":true,"href":"https:\/\/balticloghouses.ee\/en\/wp-json\/wp\/v2\/comments?post=6103"}],"version-history":[{"count":5,"href":"https:\/\/balticloghouses.ee\/en\/wp-json\/wp\/v2\/pages\/6103\/revisions"}],"predecessor-version":[{"id":16236,"href":"https:\/\/balticloghouses.ee\/en\/wp-json\/wp\/v2\/pages\/6103\/revisions\/16236"}],"up":[{"embeddable":true,"href":"https:\/\/balticloghouses.ee\/en\/wp-json\/wp\/v2\/pages\/6054"}],"wp:featuredmedia":[{"embeddable":true,"href":"https:\/\/balticloghouses.ee\/en\/wp-json\/wp\/v2\/media\/5864"}],"wp:attachment":[{"href":"https:\/\/balticloghouses.ee\/en\/wp-json\/wp\/v2\/media?parent=6103"}],"curies":[{"name":"wp","href":"https:\/\/api.w.org\/{rel}","templated":true}]}}