{"id":6247,"date":"2018-09-14T13:06:46","date_gmt":"2018-09-14T13:06:46","guid":{"rendered":"http:\/\/balticloghouses.ee\/kontakt\/"},"modified":"2026-03-25T07:42:53","modified_gmt":"2026-03-25T07:42:53","slug":"contact","status":"publish","type":"page","link":"https:\/\/balticloghouses.ee\/en\/contact\/","title":{"rendered":"Contact"},"content":{"rendered":"\t\t<div data-elementor-type=\"wp-post\" data-elementor-id=\"6247\" class=\"elementor elementor-6247\" data-elementor-settings=\"[]\">\n\t\t\t\t\t\t<div class=\"elementor-inner\">\n\t\t\t\t\t\t\t<div class=\"elementor-section-wrap\">\n\t\t\t\t\t\t\t<section class=\"elementor-section elementor-top-section elementor-element elementor-element-e7c8d48 elementor-section-stretched elementor-section-full_width elementor-section-height-min-height elementor-section-height-default elementor-section-items-middle\" data-id=\"e7c8d48\" data-element_type=\"section\" data-settings=\"{&quot;stretch_section&quot;:&quot;section-stretched&quot;,&quot;background_background&quot;:&quot;classic&quot;}\">\n\t\t\t\t\t\t<div class=\"elementor-container elementor-column-gap-no\">\n\t\t\t\t\t\t\t<div class=\"elementor-row\">\n\t\t\t\t\t<div class=\"elementor-column elementor-col-50 elementor-top-column elementor-element elementor-element-70358f2\" data-id=\"70358f2\" data-element_type=\"column\">\n\t\t\t<div class=\"elementor-column-wrap elementor-element-populated\">\n\t\t\t\t\t\t\t<div class=\"elementor-widget-wrap\">\n\t\t\t\t\t\t<div class=\"elementor-element elementor-element-f8c494e elementor-invisible elementor-widget elementor-widget-counter\" data-id=\"f8c494e\" data-element_type=\"widget\" data-settings=\"{&quot;_animation&quot;:&quot;fadeIn&quot;}\" data-widget_type=\"counter.default\">\n\t\t\t\t<div class=\"elementor-widget-container\">\n\t\t\t\t\t<div class=\"elementor-counter\">\n\t\t\t<div class=\"elementor-counter-number-wrapper\">\n\t\t\t\t<span class=\"elementor-counter-number-prefix\"><\/span>\n\t\t\t\t<span class=\"elementor-counter-number\" data-duration=\"2000\" data-to-value=\"20\" data-from-value=\"1\">1<\/span>\n\t\t\t\t<span class=\"elementor-counter-number-suffix\">+<\/span>\n\t\t\t<\/div>\n\t\t\t\t\t\t\t<div class=\"elementor-counter-title\">successful years<\/div>\n\t\t\t\t\t<\/div>\n\t\t\t\t<\/div>\n\t\t\t\t<\/div>\n\t\t\t\t\t\t<\/div>\n\t\t\t\t\t<\/div>\n\t\t<\/div>\n\t\t\t\t<div class=\"elementor-column elementor-col-50 elementor-top-column elementor-element elementor-element-e7885f5\" data-id=\"e7885f5\" data-element_type=\"column\">\n\t\t\t<div class=\"elementor-column-wrap elementor-element-populated\">\n\t\t\t\t\t\t\t<div class=\"elementor-widget-wrap\">\n\t\t\t\t\t\t<div class=\"elementor-element elementor-element-f6fd2fe elementor-invisible elementor-widget elementor-widget-counter\" data-id=\"f6fd2fe\" data-element_type=\"widget\" data-settings=\"{&quot;_animation&quot;:&quot;fadeIn&quot;,&quot;_animation_delay&quot;:2000}\" data-widget_type=\"counter.default\">\n\t\t\t\t<div class=\"elementor-widget-container\">\n\t\t\t\t\t<div class=\"elementor-counter\">\n\t\t\t<div class=\"elementor-counter-number-wrapper\">\n\t\t\t\t<span class=\"elementor-counter-number-prefix\"><\/span>\n\t\t\t\t<span class=\"elementor-counter-number\" data-duration=\"7000\" data-to-value=\"175\" data-from-value=\"1\" data-delimiter=\",\">1<\/span>\n\t\t\t\t<span class=\"elementor-counter-number-suffix\">+<\/span>\n\t\t\t<\/div>\n\t\t\t\t\t\t\t<div class=\"elementor-counter-title\">completed work and projects<\/div>\n\t\t\t\t\t<\/div>\n\t\t\t\t<\/div>\n\t\t\t\t<\/div>\n\t\t\t\t\t\t<\/div>\n\t\t\t\t\t<\/div>\n\t\t<\/div>\n\t\t\t\t\t\t\t\t<\/div>\n\t\t\t\t\t<\/div>\n\t\t<\/section>\n\t\t\t\t<section class=\"elementor-section elementor-top-section elementor-element elementor-element-636067e0 elementor-section-stretched elementor-section-full_width elementor-section-height-default elementor-section-height-default\" data-id=\"636067e0\" data-element_type=\"section\" data-settings=\"{&quot;stretch_section&quot;:&quot;section-stretched&quot;}\">\n\t\t\t\t\t\t<div class=\"elementor-container elementor-column-gap-default\">\n\t\t\t\t\t\t\t<div class=\"elementor-row\">\n\t\t\t\t\t<div class=\"elementor-column elementor-col-100 elementor-top-column elementor-element elementor-element-80fa252\" data-id=\"80fa252\" data-element_type=\"column\">\n\t\t\t<div class=\"elementor-column-wrap elementor-element-populated\">\n\t\t\t\t\t\t\t<div class=\"elementor-widget-wrap\">\n\t\t\t\t\t\t<div class=\"elementor-element elementor-element-21792183 elementor-widget elementor-widget-spacer\" data-id=\"21792183\" data-element_type=\"widget\" data-widget_type=\"spacer.default\">\n\t\t\t\t<div class=\"elementor-widget-container\">\n\t\t\t\t\t<div class=\"elementor-spacer\">\n\t\t\t<div class=\"elementor-spacer-inner\"><\/div>\n\t\t<\/div>\n\t\t\t\t<\/div>\n\t\t\t\t<\/div>\n\t\t\t\t\t\t<\/div>\n\t\t\t\t\t<\/div>\n\t\t<\/div>\n\t\t\t\t\t\t\t\t<\/div>\n\t\t\t\t\t<\/div>\n\t\t<\/section>\n\t\t\t\t<section class=\"elementor-section elementor-top-section elementor-element elementor-element-12807b78 elementor-section-stretched elementor-section-boxed elementor-section-height-default elementor-section-height-default\" data-id=\"12807b78\" data-element_type=\"section\" data-settings=\"{&quot;stretch_section&quot;:&quot;section-stretched&quot;}\">\n\t\t\t\t\t\t<div class=\"elementor-container elementor-column-gap-default\">\n\t\t\t\t\t\t\t<div class=\"elementor-row\">\n\t\t\t\t\t<div class=\"elementor-column elementor-col-33 elementor-top-column elementor-element elementor-element-d5154a3\" data-id=\"d5154a3\" data-element_type=\"column\">\n\t\t\t<div class=\"elementor-column-wrap elementor-element-populated\">\n\t\t\t\t\t\t\t<div class=\"elementor-widget-wrap\">\n\t\t\t\t\t\t<div class=\"elementor-element elementor-element-228dc605 elementor-widget elementor-widget-heading\" data-id=\"228dc605\" data-element_type=\"widget\" data-widget_type=\"heading.default\">\n\t\t\t\t<div class=\"elementor-widget-container\">\n\t\t\t<h1 class=\"elementor-heading-title elementor-size-default\">contact us<\/h1>\t\t<\/div>\n\t\t\t\t<\/div>\n\t\t\t\t<div class=\"elementor-element elementor-element-405b708 elementor-button-align-start elementor-widget elementor-widget-form\" data-id=\"405b708\" data-element_type=\"widget\" data-settings=\"{&quot;step_next_label&quot;:&quot;Next&quot;,&quot;step_previous_label&quot;:&quot;Previous&quot;,&quot;button_width&quot;:&quot;100&quot;,&quot;step_type&quot;:&quot;number_text&quot;,&quot;step_icon_shape&quot;:&quot;circle&quot;}\" data-widget_type=\"form.default\">\n\t\t\t\t<div class=\"elementor-widget-container\">\n\t\t\t\t\t<form class=\"elementor-form\" method=\"post\" name=\"New Form\">\n\t\t\t<input type=\"hidden\" name=\"post_id\" value=\"6247\"\/>\n\t\t\t<input type=\"hidden\" name=\"form_id\" value=\"405b708\"\/>\n\t\t\t<input type=\"hidden\" name=\"referer_title\" value=\"K\u00e4sit\u00f6\u00f6 palkmajad Eestist\" \/>\n\n\t\t\t\n\t\t\t<div class=\"elementor-form-fields-wrapper elementor-labels-above\">\n\t\t\t\t\t\t\t\t<div class=\"elementor-field-type-text elementor-field-group elementor-column elementor-field-group-name elementor-col-100 elementor-field-required\">\n\t\t\t\t\t<input size=\"1\" type=\"text\" name=\"form_fields[name]\" id=\"form-field-name\" class=\"elementor-field elementor-size-sm  elementor-field-textual\" placeholder=\"Name\" required=\"required\" aria-required=\"true\">\t\t\t\t<\/div>\n\t\t\t\t\t\t\t\t<div class=\"elementor-field-type-email elementor-field-group elementor-column elementor-field-group-email elementor-col-100 elementor-field-required\">\n\t\t\t\t\t<input size=\"1\" type=\"email\" name=\"form_fields[email]\" id=\"form-field-email\" class=\"elementor-field elementor-size-sm  elementor-field-textual\" placeholder=\"E-mail\" required=\"required\" aria-required=\"true\">\t\t\t\t<\/div>\n\t\t\t\t\t\t\t\t<div class=\"elementor-field-type-tel elementor-field-group elementor-column elementor-field-group-message elementor-col-100 elementor-field-required\">\n\t\t\t\t\t<input size=\"1\" type=\"tel\" name=\"form_fields[message]\" id=\"form-field-message\" class=\"elementor-field elementor-size-sm  elementor-field-textual\" placeholder=\"Phone number\" required=\"required\" aria-required=\"true\" pattern=\"[0-9()#&amp;+*-=.]+\" title=\"Only numbers and phone characters (#, -, *, etc) are accepted.\">\t\t\t\t<\/div>\n\t\t\t\t\t\t\t\t<div class=\"elementor-field-type-textarea elementor-field-group elementor-column elementor-field-group-a5b8c40 elementor-col-100 elementor-field-required\">\n\t\t\t\t\t<textarea class=\"elementor-field-textual elementor-field  elementor-size-sm\" name=\"form_fields[a5b8c40]\" id=\"form-field-a5b8c40\" rows=\"4\" placeholder=\"Message\" required=\"required\" aria-required=\"true\"><\/textarea>\t\t\t\t<\/div>\n\t\t\t\t\t\t\t\t<div class=\"elementor-field-type-upload elementor-field-group elementor-column elementor-field-group-457e623 elementor-col-100\">\n\t\t\t\t\t<label for=\"form-field-457e623\" class=\"elementor-field-label\">Upload project files<\/label><input type=\"file\" name=\"form_fields[457e623][]\" id=\"form-field-457e623\" class=\"elementor-field elementor-size-sm  elementor-upload-field\" multiple=\"multiple\" data-maxsize=\"60\" data-maxsize-message=\"This file exceeds the maximum allowed size.\">\t\t\t\t<\/div>\n\t\t\t\t\t\t\t\t<div class=\"elementor-field-type-recaptcha elementor-field-group elementor-column elementor-field-group-field_fa7acb4 elementor-col-100\">\n\t\t\t\t\t<div class=\"elementor-field\" id=\"form-field-field_fa7acb4\"><div class=\"elementor-g-recaptcha\" data-sitekey=\"6LeHT-4hAAAAAB46RkJj1suy4tG9h5ov_YYck4cn\" data-type=\"v2_checkbox\" data-theme=\"light\" data-size=\"normal\"><\/div><\/div>\t\t\t\t<\/div>\n\t\t\t\t\t\t\t\t<div class=\"elementor-field-group elementor-column elementor-field-type-submit elementor-col-100 e-form__buttons\">\n\t\t\t\t\t<button type=\"submit\" class=\"elementor-button elementor-size-sm elementor-animation-grow\">\n\t\t\t\t\t\t<span >\n\t\t\t\t\t\t\t\t\t\t\t\t\t\t\t<span class=\" elementor-button-icon\">\n\t\t\t\t\t\t\t\t\t<i class=\"fa fa-send\" aria-hidden=\"true\"><\/i>\t\t\t\t\t\t\t\t\t\t\t\t\t\t\t\t\t<\/span>\n\t\t\t\t\t\t\t\t\t\t\t\t\t\t\t\t\t\t\t\t\t\t<span class=\"elementor-button-text\">Send<\/span>\n\t\t\t\t\t\t\t\t\t\t\t\t\t<\/span>\n\t\t\t\t\t<\/button>\n\t\t\t\t<\/div>\n\t\t\t<\/div>\n\t\t<\/form>\n\t\t\t\t<\/div>\n\t\t\t\t<\/div>\n\t\t\t\t\t\t<\/div>\n\t\t\t\t\t<\/div>\n\t\t<\/div>\n\t\t\t\t<div class=\"elementor-column elementor-col-33 elementor-top-column elementor-element elementor-element-6bfef07\" data-id=\"6bfef07\" data-element_type=\"column\">\n\t\t\t<div class=\"elementor-column-wrap elementor-element-populated\">\n\t\t\t\t\t\t\t<div class=\"elementor-widget-wrap\">\n\t\t\t\t\t\t<div class=\"elementor-element elementor-element-552c5ca elementor-widget elementor-widget-google_maps\" data-id=\"552c5ca\" data-element_type=\"widget\" data-widget_type=\"google_maps.default\">\n\t\t\t\t<div class=\"elementor-widget-container\">\n\t\t\t\t\t<div class=\"elementor-custom-embed\">\n\t\t\t<iframe frameborder=\"0\" scrolling=\"no\" marginheight=\"0\" marginwidth=\"0\"\n\t\t\t\t\tsrc=\"https:\/\/maps.google.com\/maps?q=Baltic%20Loghouses%20O%C3%9C&#038;t=m&#038;z=17&#038;output=embed&#038;iwloc=near\"\n\t\t\t\t\ttitle=\"Baltic Loghouses O\u00dc\"\n\t\t\t\t\taria-label=\"Baltic Loghouses O\u00dc\"\n\t\t\t><\/iframe>\n\t\t<\/div>\n\t\t\t\t<\/div>\n\t\t\t\t<\/div>\n\t\t\t\t\t\t<\/div>\n\t\t\t\t\t<\/div>\n\t\t<\/div>\n\t\t\t\t<div class=\"elementor-column elementor-col-33 elementor-top-column elementor-element elementor-element-6c21620\" data-id=\"6c21620\" data-element_type=\"column\">\n\t\t\t<div class=\"elementor-column-wrap elementor-element-populated\">\n\t\t\t\t\t\t\t<div class=\"elementor-widget-wrap\">\n\t\t\t\t\t\t<div class=\"elementor-element elementor-element-13ec80a elementor-widget elementor-widget-heading\" data-id=\"13ec80a\" data-element_type=\"widget\" data-widget_type=\"heading.default\">\n\t\t\t\t<div class=\"elementor-widget-container\">\n\t\t\t<h2 class=\"elementor-heading-title elementor-size-default\">Open<\/h2>\t\t<\/div>\n\t\t\t\t<\/div>\n\t\t\t\t<div class=\"elementor-element elementor-element-a44b19b elementor-widget elementor-widget-text-editor\" data-id=\"a44b19b\" data-element_type=\"widget\" data-widget_type=\"text-editor.default\">\n\t\t\t\t<div class=\"elementor-widget-container\">\n\t\t\t\t\t\t\t\t<div class=\"elementor-text-editor elementor-clearfix\">\n\t\t\t\t<p>Mo-Fri 8.00-16.30<br>Lunch 12.00-12.30<\/p>\t\t\t\t\t<\/div>\n\t\t\t\t\t\t<\/div>\n\t\t\t\t<\/div>\n\t\t\t\t<div class=\"elementor-element elementor-element-e617c0a elementor-widget elementor-widget-heading\" data-id=\"e617c0a\" data-element_type=\"widget\" data-widget_type=\"heading.default\">\n\t\t\t\t<div class=\"elementor-widget-container\">\n\t\t\t<h2 class=\"elementor-heading-title elementor-size-default\">Contacts<\/h2>\t\t<\/div>\n\t\t\t\t<\/div>\n\t\t\t\t<div class=\"elementor-element elementor-element-64d1864 elementor-widget elementor-widget-text-editor\" data-id=\"64d1864\" data-element_type=\"widget\" data-widget_type=\"text-editor.default\">\n\t\t\t\t<div class=\"elementor-widget-container\">\n\t\t\t\t\t\t\t\t<div class=\"elementor-text-editor elementor-clearfix\">\n\t\t\t\t<p>Sales Manager: Log houses, saunas, hot tubes, export<br \/>\u00a0<a href=\"tel:+372 56 641 191\">+372 56<\/a>8 169 05<\/p><p>Sale of sawn and planed material<br \/><a style=\"font-size: 20px; background-color: #ffffff;\" href=\"tel:+37256816905\">+372 568 169 05<\/a><\/p><p>Email<br \/><a href=\"mailto:info@balticloghouses.ee\">info@balticloghouses.ee<\/a><\/p>\t\t\t\t\t<\/div>\n\t\t\t\t\t\t<\/div>\n\t\t\t\t<\/div>\n\t\t\t\t\t\t<\/div>\n\t\t\t\t\t<\/div>\n\t\t<\/div>\n\t\t\t\t\t\t\t\t<\/div>\n\t\t\t\t\t<\/div>\n\t\t<\/section>\n\t\t\t\t<section class=\"elementor-section elementor-top-section elementor-element elementor-element-4257533 elementor-section-boxed elementor-section-height-default elementor-section-height-default\" data-id=\"4257533\" data-element_type=\"section\">\n\t\t\t\t\t\t<div class=\"elementor-container elementor-column-gap-default\">\n\t\t\t\t\t\t\t<div class=\"elementor-row\">\n\t\t\t\t\t<div class=\"elementor-column elementor-col-100 elementor-top-column elementor-element elementor-element-a6152e4\" data-id=\"a6152e4\" data-element_type=\"column\">\n\t\t\t<div class=\"elementor-column-wrap\">\n\t\t\t\t\t\t\t<div class=\"elementor-widget-wrap\">\n\t\t\t\t\t\t\t\t<\/div>\n\t\t\t\t\t<\/div>\n\t\t<\/div>\n\t\t\t\t\t\t\t\t<\/div>\n\t\t\t\t\t<\/div>\n\t\t<\/section>\n\t\t\t\t\t\t<\/div>\n\t\t\t\t\t\t<\/div>\n\t\t\t\t\t<\/div>\n\t\t","protected":false},"excerpt":{"rendered":"<p>1 + successful years 1 + completed work and projects contact us Open Mo-Fri 8.00-16.30Lunch 12.00-12.30 Contacts Sales Manager: Log houses, saunas, hot tubes, export\u00a0+372 568 169 05 Sale of sawn and planed material+372 568 169 05 Emailinfo@balticloghouses.ee<\/p>\n","protected":false},"author":6,"featured_media":0,"parent":0,"menu_order":0,"comment_status":"closed","ping_status":"closed","template":"","meta":{"ocean_post_layout":"","ocean_both_sidebars_style":"","ocean_both_sidebars_content_width":0,"ocean_both_sidebars_sidebars_width":0,"ocean_sidebar":"0","ocean_second_sidebar":"0","ocean_disable_margins":"on","ocean_add_body_class":"","ocean_shortcode_before_top_bar":"","ocean_shortcode_after_top_bar":"","ocean_shortcode_before_header":"","ocean_shortcode_after_header":"","ocean_has_shortcode":"","ocean_shortcode_after_title":"","ocean_shortcode_before_footer_widgets":"","ocean_shortcode_after_footer_widgets":"","ocean_shortcode_before_footer_bottom":"","ocean_shortcode_after_footer_bottom":"","ocean_display_top_bar":"default","ocean_display_header":"default","ocean_header_style":"","ocean_center_header_left_menu":"0","ocean_custom_header_template":"0","ocean_custom_logo":0,"ocean_custom_retina_logo":0,"ocean_custom_logo_max_width":0,"ocean_custom_logo_tablet_max_width":0,"ocean_custom_logo_mobile_max_width":0,"ocean_custom_logo_max_height":0,"ocean_custom_logo_tablet_max_height":0,"ocean_custom_logo_mobile_max_height":0,"ocean_header_custom_menu":"0","ocean_menu_typo_font_family":"0","ocean_menu_typo_font_subset":"","ocean_menu_typo_font_size":0,"ocean_menu_typo_font_size_tablet":0,"ocean_menu_typo_font_size_mobile":0,"ocean_menu_typo_font_size_unit":"px","ocean_menu_typo_font_weight":"","ocean_menu_typo_font_weight_tablet":"","ocean_menu_typo_font_weight_mobile":"","ocean_menu_typo_transform":"","ocean_menu_typo_transform_tablet":"","ocean_menu_typo_transform_mobile":"","ocean_menu_typo_line_height":0,"ocean_menu_typo_line_height_tablet":0,"ocean_menu_typo_line_height_mobile":0,"ocean_menu_typo_line_height_unit":"","ocean_menu_typo_spacing":0,"ocean_menu_typo_spacing_tablet":0,"ocean_menu_typo_spacing_mobile":0,"ocean_menu_typo_spacing_unit":"","ocean_menu_link_color":"","ocean_menu_link_color_hover":"","ocean_menu_link_color_active":"","ocean_menu_link_background":"","ocean_menu_link_hover_background":"","ocean_menu_link_active_background":"","ocean_menu_social_links_bg":"","ocean_menu_social_hover_links_bg":"","ocean_menu_social_links_color":"","ocean_menu_social_hover_links_color":"","ocean_disable_title":"on","ocean_disable_heading":"default","ocean_post_title":"","ocean_post_subheading":"","ocean_post_title_style":"","ocean_post_title_background_color":"","ocean_post_title_background":0,"ocean_post_title_bg_image_position":"","ocean_post_title_bg_image_attachment":"","ocean_post_title_bg_image_repeat":"","ocean_post_title_bg_image_size":"","ocean_post_title_height":0,"ocean_post_title_bg_overlay":0.5,"ocean_post_title_bg_overlay_color":"","ocean_disable_breadcrumbs":"default","ocean_breadcrumbs_color":"","ocean_breadcrumbs_separator_color":"","ocean_breadcrumbs_links_color":"","ocean_breadcrumbs_links_hover_color":"","ocean_display_footer_widgets":"default","ocean_display_footer_bottom":"default","ocean_custom_footer_template":"0","footnotes":""},"yoast_head":"<!-- This site is optimized with the Yoast SEO plugin v22.7 - https:\/\/yoast.com\/wordpress\/plugins\/seo\/ -->\n<title>Baltic Loghouses kontakt ja asukoht | K\u00e4sit\u00f6\u00f6 palkmajad Eestist<\/title>\n<meta name=\"description\" content=\"O\u00dc Baltic Loghouses asutati 2001. aastal. Firma baseerub Eesti kapitalil. Meie toodangut leiab Eestist, P\u00f5hjamaadest, Prantsusmaalt ja Ukrainast.\" \/>\n<meta name=\"robots\" content=\"index, follow, max-snippet:-1, max-image-preview:large, max-video-preview:-1\" \/>\n<link rel=\"canonical\" href=\"https:\/\/www.balticloghouses.ee\/en\/contact\/\" \/>\n<meta property=\"og:locale\" content=\"en_US\" \/>\n<meta property=\"og:type\" content=\"article\" \/>\n<meta property=\"og:title\" content=\"Baltic Loghouses kontakt ja asukoht | K\u00e4sit\u00f6\u00f6 palkmajad Eestist\" \/>\n<meta property=\"og:description\" content=\"O\u00dc Baltic Loghouses asutati 2001. aastal. Firma baseerub Eesti kapitalil. Meie toodangut leiab Eestist, P\u00f5hjamaadest, Prantsusmaalt ja Ukrainast.\" \/>\n<meta property=\"og:url\" content=\"https:\/\/www.balticloghouses.ee\/en\/contact\/\" \/>\n<meta property=\"og:site_name\" content=\"K\u00e4sit\u00f6\u00f6 palkmajad Eestist\" \/>\n<meta property=\"article:publisher\" content=\"https:\/\/www.facebook.com\/balticloghouses\/\" \/>\n<meta property=\"article:modified_time\" content=\"2026-03-25T07:42:53+00:00\" \/>\n<meta name=\"twitter:card\" content=\"summary_large_image\" \/>\n<meta name=\"twitter:site\" content=\"@palkmajad\" \/>\n<meta name=\"twitter:label1\" content=\"Est. reading time\" \/>\n\t<meta name=\"twitter:data1\" content=\"1 minute\" \/>\n<script type=\"application\/ld+json\" class=\"yoast-schema-graph\">{\"@context\":\"https:\/\/schema.org\",\"@graph\":[{\"@type\":\"WebPage\",\"@id\":\"https:\/\/www.balticloghouses.ee\/en\/contact\/\",\"url\":\"https:\/\/www.balticloghouses.ee\/en\/contact\/\",\"name\":\"Baltic Loghouses kontakt ja asukoht | K\u00e4sit\u00f6\u00f6 palkmajad Eestist\",\"isPartOf\":{\"@id\":\"https:\/\/www.balticloghouses.ee\/#website\"},\"datePublished\":\"2018-09-14T13:06:46+00:00\",\"dateModified\":\"2026-03-25T07:42:53+00:00\",\"description\":\"O\u00dc Baltic Loghouses asutati 2001. aastal. Firma baseerub Eesti kapitalil. Meie toodangut leiab Eestist, P\u00f5hjamaadest, Prantsusmaalt ja Ukrainast.\",\"breadcrumb\":{\"@id\":\"https:\/\/www.balticloghouses.ee\/en\/contact\/#breadcrumb\"},\"inLanguage\":\"en-US\",\"potentialAction\":[{\"@type\":\"ReadAction\",\"target\":[\"https:\/\/www.balticloghouses.ee\/en\/contact\/\"]}]},{\"@type\":\"BreadcrumbList\",\"@id\":\"https:\/\/www.balticloghouses.ee\/en\/contact\/#breadcrumb\",\"itemListElement\":[{\"@type\":\"ListItem\",\"position\":1,\"name\":\"Home\",\"item\":\"https:\/\/www.balticloghouses.ee\/en\/\"},{\"@type\":\"ListItem\",\"position\":2,\"name\":\"Contact\"}]},{\"@type\":\"WebSite\",\"@id\":\"https:\/\/www.balticloghouses.ee\/#website\",\"url\":\"https:\/\/www.balticloghouses.ee\/\",\"name\":\"K\u00e4sit\u00f6\u00f6 palkmajad Eestist\",\"description\":\"K\u00e4sit\u00f6\u00f6 palkmajad, t\u00fcnnisaunad ja k\u00fcmblust\u00fcnnid\",\"publisher\":{\"@id\":\"https:\/\/www.balticloghouses.ee\/#organization\"},\"potentialAction\":[{\"@type\":\"SearchAction\",\"target\":{\"@type\":\"EntryPoint\",\"urlTemplate\":\"https:\/\/www.balticloghouses.ee\/?s={search_term_string}\"},\"query-input\":\"required name=search_term_string\"}],\"inLanguage\":\"en-US\"},{\"@type\":\"Organization\",\"@id\":\"https:\/\/www.balticloghouses.ee\/#organization\",\"name\":\"Baltic Loghouses\",\"url\":\"https:\/\/www.balticloghouses.ee\/\",\"logo\":{\"@type\":\"ImageObject\",\"inLanguage\":\"en-US\",\"@id\":\"https:\/\/www.balticloghouses.ee\/#\/schema\/logo\/image\/\",\"url\":\"https:\/\/balticloghouses.ee\/wp-content\/uploads\/2018\/09\/logo-273.png\",\"contentUrl\":\"https:\/\/balticloghouses.ee\/wp-content\/uploads\/2018\/09\/logo-273.png\",\"width\":273,\"height\":30,\"caption\":\"Baltic Loghouses\"},\"image\":{\"@id\":\"https:\/\/www.balticloghouses.ee\/#\/schema\/logo\/image\/\"},\"sameAs\":[\"https:\/\/www.facebook.com\/balticloghouses\/\",\"https:\/\/x.com\/palkmajad\",\"https:\/\/www.instagram.com\/palkmajad\/\",\"https:\/\/www.pinterest.com\/palkamaja\/\"]}]}<\/script>\n<!-- \/ Yoast SEO plugin. -->","yoast_head_json":{"title":"Baltic Loghouses kontakt ja asukoht | K\u00e4sit\u00f6\u00f6 palkmajad Eestist","description":"O\u00dc Baltic Loghouses asutati 2001. aastal. Firma baseerub Eesti kapitalil. Meie toodangut leiab Eestist, P\u00f5hjamaadest, Prantsusmaalt ja Ukrainast.","robots":{"index":"index","follow":"follow","max-snippet":"max-snippet:-1","max-image-preview":"max-image-preview:large","max-video-preview":"max-video-preview:-1"},"canonical":"https:\/\/www.balticloghouses.ee\/en\/contact\/","og_locale":"en_US","og_type":"article","og_title":"Baltic Loghouses kontakt ja asukoht | K\u00e4sit\u00f6\u00f6 palkmajad Eestist","og_description":"O\u00dc Baltic Loghouses asutati 2001. aastal. Firma baseerub Eesti kapitalil. Meie toodangut leiab Eestist, P\u00f5hjamaadest, Prantsusmaalt ja Ukrainast.","og_url":"https:\/\/www.balticloghouses.ee\/en\/contact\/","og_site_name":"K\u00e4sit\u00f6\u00f6 palkmajad Eestist","article_publisher":"https:\/\/www.facebook.com\/balticloghouses\/","article_modified_time":"2026-03-25T07:42:53+00:00","twitter_card":"summary_large_image","twitter_site":"@palkmajad","twitter_misc":{"Est. reading time":"1 minute"},"schema":{"@context":"https:\/\/schema.org","@graph":[{"@type":"WebPage","@id":"https:\/\/www.balticloghouses.ee\/en\/contact\/","url":"https:\/\/www.balticloghouses.ee\/en\/contact\/","name":"Baltic Loghouses kontakt ja asukoht | K\u00e4sit\u00f6\u00f6 palkmajad Eestist","isPartOf":{"@id":"https:\/\/www.balticloghouses.ee\/#website"},"datePublished":"2018-09-14T13:06:46+00:00","dateModified":"2026-03-25T07:42:53+00:00","description":"O\u00dc Baltic Loghouses asutati 2001. aastal. Firma baseerub Eesti kapitalil. Meie toodangut leiab Eestist, P\u00f5hjamaadest, Prantsusmaalt ja Ukrainast.","breadcrumb":{"@id":"https:\/\/www.balticloghouses.ee\/en\/contact\/#breadcrumb"},"inLanguage":"en-US","potentialAction":[{"@type":"ReadAction","target":["https:\/\/www.balticloghouses.ee\/en\/contact\/"]}]},{"@type":"BreadcrumbList","@id":"https:\/\/www.balticloghouses.ee\/en\/contact\/#breadcrumb","itemListElement":[{"@type":"ListItem","position":1,"name":"Home","item":"https:\/\/www.balticloghouses.ee\/en\/"},{"@type":"ListItem","position":2,"name":"Contact"}]},{"@type":"WebSite","@id":"https:\/\/www.balticloghouses.ee\/#website","url":"https:\/\/www.balticloghouses.ee\/","name":"K\u00e4sit\u00f6\u00f6 palkmajad Eestist","description":"K\u00e4sit\u00f6\u00f6 palkmajad, t\u00fcnnisaunad ja k\u00fcmblust\u00fcnnid","publisher":{"@id":"https:\/\/www.balticloghouses.ee\/#organization"},"potentialAction":[{"@type":"SearchAction","target":{"@type":"EntryPoint","urlTemplate":"https:\/\/www.balticloghouses.ee\/?s={search_term_string}"},"query-input":"required name=search_term_string"}],"inLanguage":"en-US"},{"@type":"Organization","@id":"https:\/\/www.balticloghouses.ee\/#organization","name":"Baltic Loghouses","url":"https:\/\/www.balticloghouses.ee\/","logo":{"@type":"ImageObject","inLanguage":"en-US","@id":"https:\/\/www.balticloghouses.ee\/#\/schema\/logo\/image\/","url":"https:\/\/balticloghouses.ee\/wp-content\/uploads\/2018\/09\/logo-273.png","contentUrl":"https:\/\/balticloghouses.ee\/wp-content\/uploads\/2018\/09\/logo-273.png","width":273,"height":30,"caption":"Baltic Loghouses"},"image":{"@id":"https:\/\/www.balticloghouses.ee\/#\/schema\/logo\/image\/"},"sameAs":["https:\/\/www.facebook.com\/balticloghouses\/","https:\/\/x.com\/palkmajad","https:\/\/www.instagram.com\/palkmajad\/","https:\/\/www.pinterest.com\/palkamaja\/"]}]}},"_links":{"self":[{"href":"https:\/\/balticloghouses.ee\/en\/wp-json\/wp\/v2\/pages\/6247"}],"collection":[{"href":"https:\/\/balticloghouses.ee\/en\/wp-json\/wp\/v2\/pages"}],"about":[{"href":"https:\/\/balticloghouses.ee\/en\/wp-json\/wp\/v2\/types\/page"}],"author":[{"embeddable":true,"href":"https:\/\/balticloghouses.ee\/en\/wp-json\/wp\/v2\/users\/6"}],"replies":[{"embeddable":true,"href":"https:\/\/balticloghouses.ee\/en\/wp-json\/wp\/v2\/comments?post=6247"}],"version-history":[{"count":5,"href":"https:\/\/balticloghouses.ee\/en\/wp-json\/wp\/v2\/pages\/6247\/revisions"}],"predecessor-version":[{"id":17337,"href":"https:\/\/balticloghouses.ee\/en\/wp-json\/wp\/v2\/pages\/6247\/revisions\/17337"}],"wp:attachment":[{"href":"https:\/\/balticloghouses.ee\/en\/wp-json\/wp\/v2\/media?parent=6247"}],"curies":[{"name":"wp","href":"https:\/\/api.w.org\/{rel}","templated":true}]}}