{"id":7019,"date":"2018-11-05T17:38:08","date_gmt":"2018-11-05T17:38:08","guid":{"rendered":"http:\/\/balticloghouses.ee\/404-ei-leitud\/"},"modified":"2018-11-05T17:47:19","modified_gmt":"2018-11-05T17:47:19","slug":"404-ei-leitud","status":"publish","type":"page","link":"https:\/\/balticloghouses.ee\/en\/404-ei-leitud\/","title":{"rendered":"404"},"content":{"rendered":"\t\t<div data-elementor-type=\"wp-post\" data-elementor-id=\"7019\" class=\"elementor elementor-7019 elementor-bc-flex-widget\" data-elementor-settings=\"[]\">\n\t\t\t\t\t\t<div class=\"elementor-inner\">\n\t\t\t\t\t\t\t<div class=\"elementor-section-wrap\">\n\t\t\t\t\t\t\t<section class=\"elementor-section elementor-top-section elementor-element elementor-element-cabce86 elementor-section-stretched elementor-section-full_width elementor-section-height-full elementor-section-height-default elementor-section-items-middle\" data-id=\"cabce86\" data-element_type=\"section\" data-settings=\"{&quot;stretch_section&quot;:&quot;section-stretched&quot;,&quot;background_background&quot;:&quot;gradient&quot;}\">\n\t\t\t\t\t\t<div class=\"elementor-container elementor-column-gap-default\">\n\t\t\t\t\t\t\t<div class=\"elementor-row\">\n\t\t\t\t\t<div class=\"elementor-column elementor-col-100 elementor-top-column elementor-element elementor-element-e8c64de\" data-id=\"e8c64de\" data-element_type=\"column\">\n\t\t\t<div class=\"elementor-column-wrap elementor-element-populated\">\n\t\t\t\t\t\t\t<div class=\"elementor-widget-wrap\">\n\t\t\t\t\t\t<section class=\"elementor-section elementor-inner-section elementor-element elementor-element-ee6523d elementor-section-full_width elementor-section-height-default elementor-section-height-default\" data-id=\"ee6523d\" data-element_type=\"section\">\n\t\t\t\t\t\t<div class=\"elementor-container elementor-column-gap-default\">\n\t\t\t\t\t\t\t<div class=\"elementor-row\">\n\t\t\t\t\t<div class=\"elementor-column elementor-col-100 elementor-inner-column elementor-element elementor-element-2e9e29e\" data-id=\"2e9e29e\" data-element_type=\"column\">\n\t\t\t<div class=\"elementor-column-wrap elementor-element-populated\">\n\t\t\t\t\t\t\t<div class=\"elementor-widget-wrap\">\n\t\t\t\t\t\t<div class=\"elementor-element elementor-element-21aea32 elementor-invisible elementor-widget elementor-widget-heading\" data-id=\"21aea32\" data-element_type=\"widget\" data-settings=\"{&quot;_animation&quot;:&quot;fadeIn&quot;}\" data-widget_type=\"heading.default\">\n\t\t\t\t<div class=\"elementor-widget-container\">\n\t\t\t<h1 class=\"elementor-heading-title elementor-size-default\">404<\/h1>\t\t<\/div>\n\t\t\t\t<\/div>\n\t\t\t\t<div class=\"elementor-element elementor-element-9647452 elementor-invisible elementor-widget elementor-widget-heading\" data-id=\"9647452\" data-element_type=\"widget\" data-settings=\"{&quot;_animation&quot;:&quot;fadeIn&quot;}\" data-widget_type=\"heading.default\">\n\t\t\t\t<div class=\"elementor-widget-container\">\n\t\t\t<h2 class=\"elementor-heading-title elementor-size-default\">page not found<\/h2>\t\t<\/div>\n\t\t\t\t<\/div>\n\t\t\t\t<div class=\"elementor-element elementor-element-49e8060 animated-slow elementor-invisible elementor-widget elementor-widget-heading\" data-id=\"49e8060\" data-element_type=\"widget\" data-settings=\"{&quot;_animation&quot;:&quot;fadeIn&quot;}\" data-widget_type=\"heading.default\">\n\t\t\t\t<div class=\"elementor-widget-container\">\n\t\t\t<h2 class=\"elementor-heading-title elementor-size-default\"><a href=\"https:\/\/balticloghouses.ee\/\/\">front page<\/a><\/h2>\t\t<\/div>\n\t\t\t\t<\/div>\n\t\t\t\t\t\t<\/div>\n\t\t\t\t\t<\/div>\n\t\t<\/div>\n\t\t\t\t\t\t\t\t<\/div>\n\t\t\t\t\t<\/div>\n\t\t<\/section>\n\t\t\t\t\t\t<\/div>\n\t\t\t\t\t<\/div>\n\t\t<\/div>\n\t\t\t\t\t\t\t\t<\/div>\n\t\t\t\t\t<\/div>\n\t\t<\/section>\n\t\t\t\t\t\t<\/div>\n\t\t\t\t\t\t<\/div>\n\t\t\t\t\t<\/div>\n\t\t","protected":false},"excerpt":{"rendered":"<p>404 page not found front page<\/p>\n","protected":false},"author":6,"featured_media":0,"parent":0,"menu_order":0,"comment_status":"closed","ping_status":"closed","template":"","meta":{"ocean_post_layout":"full-screen","ocean_both_sidebars_style":"","ocean_both_sidebars_content_width":0,"ocean_both_sidebars_sidebars_width":0,"ocean_sidebar":"0","ocean_second_sidebar":"0","ocean_disable_margins":"enable","ocean_add_body_class":"","ocean_shortcode_before_top_bar":"","ocean_shortcode_after_top_bar":"","ocean_shortcode_before_header":"","ocean_shortcode_after_header":"","ocean_has_shortcode":"","ocean_shortcode_after_title":"","ocean_shortcode_before_footer_widgets":"","ocean_shortcode_after_footer_widgets":"","ocean_shortcode_before_footer_bottom":"","ocean_shortcode_after_footer_bottom":"","ocean_display_top_bar":"default","ocean_display_header":"default","ocean_header_style":"","ocean_center_header_left_menu":"0","ocean_custom_header_template":"0","ocean_custom_logo":0,"ocean_custom_retina_logo":0,"ocean_custom_logo_max_width":0,"ocean_custom_logo_tablet_max_width":0,"ocean_custom_logo_mobile_max_width":0,"ocean_custom_logo_max_height":0,"ocean_custom_logo_tablet_max_height":0,"ocean_custom_logo_mobile_max_height":0,"ocean_header_custom_menu":"0","ocean_menu_typo_font_family":"0","ocean_menu_typo_font_subset":"","ocean_menu_typo_font_size":0,"ocean_menu_typo_font_size_tablet":0,"ocean_menu_typo_font_size_mobile":0,"ocean_menu_typo_font_size_unit":"px","ocean_menu_typo_font_weight":"","ocean_menu_typo_font_weight_tablet":"","ocean_menu_typo_font_weight_mobile":"","ocean_menu_typo_transform":"","ocean_menu_typo_transform_tablet":"","ocean_menu_typo_transform_mobile":"","ocean_menu_typo_line_height":0,"ocean_menu_typo_line_height_tablet":0,"ocean_menu_typo_line_height_mobile":0,"ocean_menu_typo_line_height_unit":"","ocean_menu_typo_spacing":0,"ocean_menu_typo_spacing_tablet":0,"ocean_menu_typo_spacing_mobile":0,"ocean_menu_typo_spacing_unit":"","ocean_menu_link_color":"","ocean_menu_link_color_hover":"","ocean_menu_link_color_active":"","ocean_menu_link_background":"","ocean_menu_link_hover_background":"","ocean_menu_link_active_background":"","ocean_menu_social_links_bg":"","ocean_menu_social_hover_links_bg":"","ocean_menu_social_links_color":"","ocean_menu_social_hover_links_color":"","ocean_disable_title":"default","ocean_disable_heading":"default","ocean_post_title":"","ocean_post_subheading":"","ocean_post_title_style":"","ocean_post_title_background_color":"","ocean_post_title_background":0,"ocean_post_title_bg_image_position":"","ocean_post_title_bg_image_attachment":"","ocean_post_title_bg_image_repeat":"","ocean_post_title_bg_image_size":"","ocean_post_title_height":0,"ocean_post_title_bg_overlay":0.5,"ocean_post_title_bg_overlay_color":"","ocean_disable_breadcrumbs":"default","ocean_breadcrumbs_color":"","ocean_breadcrumbs_separator_color":"","ocean_breadcrumbs_links_color":"","ocean_breadcrumbs_links_hover_color":"","ocean_display_footer_widgets":"default","ocean_display_footer_bottom":"default","ocean_custom_footer_template":"0","footnotes":""},"yoast_head":"<!-- This site is optimized with the Yoast SEO plugin v22.7 - https:\/\/yoast.com\/wordpress\/plugins\/seo\/ -->\n<title>404 | K\u00e4sit\u00f6\u00f6 palkmajad Eestist<\/title>\n<meta name=\"robots\" content=\"index, follow, max-snippet:-1, max-image-preview:large, max-video-preview:-1\" \/>\n<link rel=\"canonical\" href=\"https:\/\/balticloghouses.ee\/en\/404-ei-leitud\/\" \/>\n<meta property=\"og:locale\" content=\"en_US\" \/>\n<meta property=\"og:type\" content=\"article\" \/>\n<meta property=\"og:title\" content=\"404 | K\u00e4sit\u00f6\u00f6 palkmajad Eestist\" \/>\n<meta property=\"og:description\" content=\"404 page not found front page\" \/>\n<meta property=\"og:url\" content=\"https:\/\/balticloghouses.ee\/en\/404-ei-leitud\/\" \/>\n<meta property=\"og:site_name\" content=\"K\u00e4sit\u00f6\u00f6 palkmajad Eestist\" \/>\n<meta property=\"article:publisher\" content=\"https:\/\/www.facebook.com\/balticloghouses\/\" \/>\n<meta property=\"article:modified_time\" content=\"2018-11-05T17:47:19+00:00\" \/>\n<meta name=\"twitter:card\" content=\"summary_large_image\" \/>\n<meta name=\"twitter:site\" content=\"@palkmajad\" \/>\n<script type=\"application\/ld+json\" class=\"yoast-schema-graph\">{\"@context\":\"https:\/\/schema.org\",\"@graph\":[{\"@type\":\"WebPage\",\"@id\":\"https:\/\/balticloghouses.ee\/en\/404-ei-leitud\/\",\"url\":\"https:\/\/balticloghouses.ee\/en\/404-ei-leitud\/\",\"name\":\"404 | K\u00e4sit\u00f6\u00f6 palkmajad Eestist\",\"isPartOf\":{\"@id\":\"https:\/\/balticloghouses.ee\/en\/#website\"},\"datePublished\":\"2018-11-05T17:38:08+00:00\",\"dateModified\":\"2018-11-05T17:47:19+00:00\",\"breadcrumb\":{\"@id\":\"https:\/\/balticloghouses.ee\/en\/404-ei-leitud\/#breadcrumb\"},\"inLanguage\":\"en-US\",\"potentialAction\":[{\"@type\":\"ReadAction\",\"target\":[\"https:\/\/balticloghouses.ee\/en\/404-ei-leitud\/\"]}]},{\"@type\":\"BreadcrumbList\",\"@id\":\"https:\/\/balticloghouses.ee\/en\/404-ei-leitud\/#breadcrumb\",\"itemListElement\":[{\"@type\":\"ListItem\",\"position\":1,\"name\":\"Home\",\"item\":\"https:\/\/balticloghouses.ee\/en\/\"},{\"@type\":\"ListItem\",\"position\":2,\"name\":\"404\"}]},{\"@type\":\"WebSite\",\"@id\":\"https:\/\/balticloghouses.ee\/en\/#website\",\"url\":\"https:\/\/balticloghouses.ee\/en\/\",\"name\":\"K\u00e4sit\u00f6\u00f6 palkmajad Eestist\",\"description\":\"K\u00e4sit\u00f6\u00f6 palkmajad, t\u00fcnnisaunad ja k\u00fcmblust\u00fcnnid\",\"publisher\":{\"@id\":\"https:\/\/balticloghouses.ee\/en\/#organization\"},\"potentialAction\":[{\"@type\":\"SearchAction\",\"target\":{\"@type\":\"EntryPoint\",\"urlTemplate\":\"https:\/\/balticloghouses.ee\/en\/?s={search_term_string}\"},\"query-input\":\"required name=search_term_string\"}],\"inLanguage\":\"en-US\"},{\"@type\":\"Organization\",\"@id\":\"https:\/\/balticloghouses.ee\/en\/#organization\",\"name\":\"Baltic Loghouses\",\"url\":\"https:\/\/balticloghouses.ee\/en\/\",\"logo\":{\"@type\":\"ImageObject\",\"inLanguage\":\"en-US\",\"@id\":\"https:\/\/balticloghouses.ee\/en\/#\/schema\/logo\/image\/\",\"url\":\"https:\/\/balticloghouses.ee\/wp-content\/uploads\/2018\/09\/logo-273.png\",\"contentUrl\":\"https:\/\/balticloghouses.ee\/wp-content\/uploads\/2018\/09\/logo-273.png\",\"width\":273,\"height\":30,\"caption\":\"Baltic Loghouses\"},\"image\":{\"@id\":\"https:\/\/balticloghouses.ee\/en\/#\/schema\/logo\/image\/\"},\"sameAs\":[\"https:\/\/www.facebook.com\/balticloghouses\/\",\"https:\/\/x.com\/palkmajad\",\"https:\/\/www.instagram.com\/palkmajad\/\",\"https:\/\/www.pinterest.com\/palkamaja\/\"]}]}<\/script>\n<!-- \/ Yoast SEO plugin. -->","yoast_head_json":{"title":"404 | K\u00e4sit\u00f6\u00f6 palkmajad Eestist","robots":{"index":"index","follow":"follow","max-snippet":"max-snippet:-1","max-image-preview":"max-image-preview:large","max-video-preview":"max-video-preview:-1"},"canonical":"https:\/\/balticloghouses.ee\/en\/404-ei-leitud\/","og_locale":"en_US","og_type":"article","og_title":"404 | K\u00e4sit\u00f6\u00f6 palkmajad Eestist","og_description":"404 page not found front page","og_url":"https:\/\/balticloghouses.ee\/en\/404-ei-leitud\/","og_site_name":"K\u00e4sit\u00f6\u00f6 palkmajad Eestist","article_publisher":"https:\/\/www.facebook.com\/balticloghouses\/","article_modified_time":"2018-11-05T17:47:19+00:00","twitter_card":"summary_large_image","twitter_site":"@palkmajad","schema":{"@context":"https:\/\/schema.org","@graph":[{"@type":"WebPage","@id":"https:\/\/balticloghouses.ee\/en\/404-ei-leitud\/","url":"https:\/\/balticloghouses.ee\/en\/404-ei-leitud\/","name":"404 | K\u00e4sit\u00f6\u00f6 palkmajad Eestist","isPartOf":{"@id":"https:\/\/balticloghouses.ee\/en\/#website"},"datePublished":"2018-11-05T17:38:08+00:00","dateModified":"2018-11-05T17:47:19+00:00","breadcrumb":{"@id":"https:\/\/balticloghouses.ee\/en\/404-ei-leitud\/#breadcrumb"},"inLanguage":"en-US","potentialAction":[{"@type":"ReadAction","target":["https:\/\/balticloghouses.ee\/en\/404-ei-leitud\/"]}]},{"@type":"BreadcrumbList","@id":"https:\/\/balticloghouses.ee\/en\/404-ei-leitud\/#breadcrumb","itemListElement":[{"@type":"ListItem","position":1,"name":"Home","item":"https:\/\/balticloghouses.ee\/en\/"},{"@type":"ListItem","position":2,"name":"404"}]},{"@type":"WebSite","@id":"https:\/\/balticloghouses.ee\/en\/#website","url":"https:\/\/balticloghouses.ee\/en\/","name":"K\u00e4sit\u00f6\u00f6 palkmajad Eestist","description":"K\u00e4sit\u00f6\u00f6 palkmajad, t\u00fcnnisaunad ja k\u00fcmblust\u00fcnnid","publisher":{"@id":"https:\/\/balticloghouses.ee\/en\/#organization"},"potentialAction":[{"@type":"SearchAction","target":{"@type":"EntryPoint","urlTemplate":"https:\/\/balticloghouses.ee\/en\/?s={search_term_string}"},"query-input":"required name=search_term_string"}],"inLanguage":"en-US"},{"@type":"Organization","@id":"https:\/\/balticloghouses.ee\/en\/#organization","name":"Baltic Loghouses","url":"https:\/\/balticloghouses.ee\/en\/","logo":{"@type":"ImageObject","inLanguage":"en-US","@id":"https:\/\/balticloghouses.ee\/en\/#\/schema\/logo\/image\/","url":"https:\/\/balticloghouses.ee\/wp-content\/uploads\/2018\/09\/logo-273.png","contentUrl":"https:\/\/balticloghouses.ee\/wp-content\/uploads\/2018\/09\/logo-273.png","width":273,"height":30,"caption":"Baltic Loghouses"},"image":{"@id":"https:\/\/balticloghouses.ee\/en\/#\/schema\/logo\/image\/"},"sameAs":["https:\/\/www.facebook.com\/balticloghouses\/","https:\/\/x.com\/palkmajad","https:\/\/www.instagram.com\/palkmajad\/","https:\/\/www.pinterest.com\/palkamaja\/"]}]}},"_links":{"self":[{"href":"https:\/\/balticloghouses.ee\/en\/wp-json\/wp\/v2\/pages\/7019"}],"collection":[{"href":"https:\/\/balticloghouses.ee\/en\/wp-json\/wp\/v2\/pages"}],"about":[{"href":"https:\/\/balticloghouses.ee\/en\/wp-json\/wp\/v2\/types\/page"}],"author":[{"embeddable":true,"href":"https:\/\/balticloghouses.ee\/en\/wp-json\/wp\/v2\/users\/6"}],"replies":[{"embeddable":true,"href":"https:\/\/balticloghouses.ee\/en\/wp-json\/wp\/v2\/comments?post=7019"}],"version-history":[{"count":0,"href":"https:\/\/balticloghouses.ee\/en\/wp-json\/wp\/v2\/pages\/7019\/revisions"}],"wp:attachment":[{"href":"https:\/\/balticloghouses.ee\/en\/wp-json\/wp\/v2\/media?parent=7019"}],"curies":[{"name":"wp","href":"https:\/\/api.w.org\/{rel}","templated":true}]}}